{"id":774,"date":"2017-02-05T20:48:41","date_gmt":"2017-02-05T19:48:41","guid":{"rendered":"http:\/\/zeitimraum.at\/new_wp\/?page_id=774"},"modified":"2025-05-17T12:30:45","modified_gmt":"2025-05-17T10:30:45","slug":"in-bewegung","status":"publish","type":"page","link":"https:\/\/zeitimraum.at\/new_wp\/in-bewegung\/","title":{"rendered":"in BEWEGUNG"},"content":{"rendered":"<p><strong><em>&#8222;Wer sich nicht bewegt, sp\u00fcrt seine Fesseln nicht.&#8220;<\/em><\/strong><br \/>\n[ROSA VON LUXEMBOURG, 1870-1919]<\/p>\n<p><img loading=\"lazy\" decoding=\"async\" class=\"alignleft wp-image-968\" src=\"http:\/\/zeitimraum.at\/new_wp\/wp-content\/uploads\/2017\/02\/lion-bewegung-225x300.jpg\" width=\"375\" height=\"500\" srcset=\"https:\/\/zeitimraum.at\/new_wp\/wp-content\/uploads\/2017\/02\/lion-bewegung-225x300.jpg 225w, https:\/\/zeitimraum.at\/new_wp\/wp-content\/uploads\/2017\/02\/lion-bewegung-768x1024.jpg 768w, https:\/\/zeitimraum.at\/new_wp\/wp-content\/uploads\/2017\/02\/lion-bewegung.jpg 1920w\" sizes=\"auto, (max-width: 375px) 100vw, 375px\" \/><\/p>\n<p><span style=\"margin: 0px; color: #333333; font-family: 'Carrois Gothic','sans-serif';\">Bewegung gibt es nur, wo Zeit, Raum und Energie sind. Unsere Lebendigkeit, unsere Kraft\u00a0sp\u00fcren wir dann, wenn wir uns bewegen. Auch unsere Schw\u00e4chen. Uns selbst als Ganzes.<br \/>\n<\/span><\/p>\n<p><span style=\"margin: 0px; color: #333333; font-family: 'Carrois Gothic','sans-serif';\">Die Dinge in Bewegung bringen, aus anderen Blickwinkeln sehen, den eigenen Standpunkt ver\u00e4ndern, etwas ver\u00e4ndern, sich ver\u00e4ndern, Neuland erkunden &#8230; Bewegung wirkt nachweislich positiv auf die Gesundheit von K\u00f6rper, Geist und Seele &#8211; wie etwa am Beispiel des Bergwanderns best\u00e4tigt wurde. <\/span><\/p>\n<p><span style=\"margin: 0px; color: #333333; font-family: 'Carrois Gothic','sans-serif';\">D<\/span>ie\u00a0Kombination von Gehen und Gespr\u00e4ch in der psychologisch bzw. psychotherapeutischen Arbeit tr\u00e4gt diesen Zusammenh\u00e4ngen Rechnung. Gespr\u00e4che im Gehen bedeuten Ver\u00e4nderung auf mehreren Ebenen, Bewegung in Bewegung.<\/p>\n<p>Gehen ist eine einfache Bewegungsform, sie entspricht dem Bauplan des Menschen. Gehen verbessert das K\u00f6rpergef\u00fchl, lockert Verspannungen, regt den Energiefluss an, beeinflusst unser Gef\u00fchl und unser Denken. Gehen l\u00e4sst uns eins werden mit der Natur, hilft uns mit offenen Sinnen die Verbindung zum gegenw\u00e4rtigen Augenblick zu st\u00e4rken, f\u00fchrt in der Vergangenheit h\u00e4ngende oder um die Zukunft sich drehende Gedanken ins Jetzt.<\/p>\n<p><strong>Gehen, Ver\u00e4ndern, Bewegen.<\/strong><br \/>\n<strong> Schafft Raum und Zeit.<\/strong><br \/>\n<strong> F\u00fcr Leben.<\/strong><\/p>\n","protected":false},"excerpt":{"rendered":"<p>&#8222;Wer sich nicht bewegt, sp\u00fcrt seine Fesseln nicht.&#8220; [ROSA VON LUXEMBOURG, 1870-1919] Bewegung gibt es nur, wo Zeit, Raum und Energie sind. Unsere Lebendigkeit, unsere Kraft\u00a0sp\u00fcren wir dann, wenn wir uns bewegen. Auch unsere Schw\u00e4chen. Uns selbst als Ganzes. Die Dinge in Bewegung bringen, aus anderen Blickwinkeln sehen, den eigenen Standpunkt ver\u00e4ndern, etwas ver\u00e4ndern, sich &#8230; <a title=\"in BEWEGUNG\" class=\"read-more\" href=\"https:\/\/zeitimraum.at\/new_wp\/in-bewegung\/\">weiterlesen<\/a><\/p>\n","protected":false},"author":3,"featured_media":0,"parent":0,"menu_order":0,"comment_status":"closed","ping_status":"closed","template":"","meta":{"footnotes":""},"class_list":["post-774","page","type-page","status-publish"],"_links":{"self":[{"href":"https:\/\/zeitimraum.at\/new_wp\/wp-json\/wp\/v2\/pages\/774","targetHints":{"allow":["GET"]}}],"collection":[{"href":"https:\/\/zeitimraum.at\/new_wp\/wp-json\/wp\/v2\/pages"}],"about":[{"href":"https:\/\/zeitimraum.at\/new_wp\/wp-json\/wp\/v2\/types\/page"}],"author":[{"embeddable":true,"href":"https:\/\/zeitimraum.at\/new_wp\/wp-json\/wp\/v2\/users\/3"}],"replies":[{"embeddable":true,"href":"https:\/\/zeitimraum.at\/new_wp\/wp-json\/wp\/v2\/comments?post=774"}],"version-history":[{"count":15,"href":"https:\/\/zeitimraum.at\/new_wp\/wp-json\/wp\/v2\/pages\/774\/revisions"}],"predecessor-version":[{"id":1447,"href":"https:\/\/zeitimraum.at\/new_wp\/wp-json\/wp\/v2\/pages\/774\/revisions\/1447"}],"wp:attachment":[{"href":"https:\/\/zeitimraum.at\/new_wp\/wp-json\/wp\/v2\/media?parent=774"}],"curies":[{"name":"wp","href":"https:\/\/api.w.org\/{rel}","templated":true}]}}