{"id":52,"date":"2016-10-22T23:33:33","date_gmt":"2016-10-22T21:33:33","guid":{"rendered":"http:\/\/zeitimraum.at\/new_wp\/?page_id=52"},"modified":"2025-05-16T15:15:04","modified_gmt":"2025-05-16T13:15:04","slug":"coaching-supervision","status":"publish","type":"page","link":"https:\/\/zeitimraum.at\/new_wp\/coaching-supervision\/","title":{"rendered":"COACHING &#038; BURNOUT PR\u00c4VENTION"},"content":{"rendered":"<p><i><strong>&#8222;Unsere Sicherheiten d\u00fcrfen nichts Starres werden, sonst brechen sie.&#8220;<\/strong><br \/>\n<\/i>[ROBERT<i> WALSER, 1878-1956]<\/i><\/p>\n<p><img loading=\"lazy\" decoding=\"async\" class=\"alignleft wp-image-359\" src=\"http:\/\/zeitimraum.at\/new_wp\/wp-content\/uploads\/2016\/11\/fotos-bis-012008-405-optimiert-300x191.jpg\" alt=\"fotos-bis-012008-405-optimiert\" width=\"500\" height=\"319\" srcset=\"https:\/\/zeitimraum.at\/new_wp\/wp-content\/uploads\/2016\/11\/fotos-bis-012008-405-optimiert-300x191.jpg 300w, https:\/\/zeitimraum.at\/new_wp\/wp-content\/uploads\/2016\/11\/fotos-bis-012008-405-optimiert-768x490.jpg 768w, https:\/\/zeitimraum.at\/new_wp\/wp-content\/uploads\/2016\/11\/fotos-bis-012008-405-optimiert-1024x653.jpg 1024w, https:\/\/zeitimraum.at\/new_wp\/wp-content\/uploads\/2016\/11\/fotos-bis-012008-405-optimiert.jpg 1600w\" sizes=\"auto, (max-width: 500px) 100vw, 500px\" \/><\/p>\n<p>Von meiner langj\u00e4hrigen Erfahrung als <strong>Trainerin f\u00fcr Berufsorientierung und Bewerbung<\/strong>\u00a0profitieren Sie im\u00a0<strong>Bewerbungscoaching, <\/strong>einem Spezialfall des berufsbezogenen Coachings: nach einer eingehenden Evaluation Ihrer bisherigen Bewerbungsaktivit\u00e4ten mit entsprechender Conclusio unterst\u00fctze ich Sie in allen Phasen einer konkreten oder eigeninitiativen Bewerbung: von der Stellenauswahl, dem Training des Verhaltens am Telefon, \u00fcber die Erstellung schriftlicher Bewerbungen bis hin zur Vorbereitung auf Auswahlverfahren (Tests, Assessment-Center), dem Training des Vorstellungsgespr\u00e4chs (Umgang mit schwierigen Fragen, verbale und nonverbale Kommunikation, Selfmarketing), der Supervision in verschiedenen Entwicklungsphasen bis zur Burnout-Pr\u00e4vention.<\/p>\n<p>Berufliche und pers\u00f6nliche Entwicklung sind eng miteinander verkn\u00fcpft.\u00a0Idealerweise\u00a0im Einklang. Im <strong>Coaching<\/strong> wird die Entwicklung ziel- bzw. leistungsorientierter Prozesse analysiert, mit dem wesentlichen Ziel der <strong>Optimierung<\/strong>.<\/p>\n<p>Es geht darum das eigene Verhalten zu reflektieren, H\u00fcrden, Hemmnisse und Potentiale zu identifizieren. Es geht um die Erarbeitung neuer Ziele, L\u00f6sungsans\u00e4tze und Handlungsalternativen, bei deren Umsetzung ich Sie als <strong>Arbeitspsychologin<\/strong> (Eintrag in die Liste des Bundesministeriums) gerne begleite.<\/p>\n<p><img loading=\"lazy\" decoding=\"async\" class=\" wp-image-1262 alignright\" src=\"http:\/\/zeitimraum.at\/new_wp\/wp-content\/uploads\/2020\/11\/Button-Gesundheitspartner.-300x300.png\" alt=\"\" width=\"160\" height=\"160\" srcset=\"https:\/\/zeitimraum.at\/new_wp\/wp-content\/uploads\/2020\/11\/Button-Gesundheitspartner.-300x300.png 300w, https:\/\/zeitimraum.at\/new_wp\/wp-content\/uploads\/2020\/11\/Button-Gesundheitspartner.-150x150.png 150w, https:\/\/zeitimraum.at\/new_wp\/wp-content\/uploads\/2020\/11\/Button-Gesundheitspartner..png 622w\" sizes=\"auto, (max-width: 160px) 100vw, 160px\" \/><\/p>\n<p>Als Kooperationspartnerin der SVS (Gesundheitshunderter) biete ich<br \/>\nmit <strong>RESPECT YOURSELF <\/strong>ein dreiteiliges Vorsorge-Programm zur<\/p>\n<ul>\n<li><b>Pr\u00e4vention von Burnout und F\u00f6rderung mentaler Gesundheit<\/b><\/li>\n<li>an, das sich an alle an Gesundheitsvorsorge Interessierten richtet und<\/li>\n<li style=\"text-align: left;\">hilft, ung\u00fcnstige Konstellationen zu erkennen und darauf zu reagieren.<\/li>\n<\/ul>\n","protected":false},"excerpt":{"rendered":"<p>&#8222;Unsere Sicherheiten d\u00fcrfen nichts Starres werden, sonst brechen sie.&#8220; [ROBERT WALSER, 1878-1956] Von meiner langj\u00e4hrigen Erfahrung als Trainerin f\u00fcr Berufsorientierung und Bewerbung\u00a0profitieren Sie im\u00a0Bewerbungscoaching, einem Spezialfall des berufsbezogenen Coachings: nach einer eingehenden Evaluation Ihrer bisherigen Bewerbungsaktivit\u00e4ten mit entsprechender Conclusio unterst\u00fctze ich Sie in allen Phasen einer konkreten oder eigeninitiativen Bewerbung: von der Stellenauswahl, dem Training &#8230; <a title=\"COACHING &#038; BURNOUT PR\u00c4VENTION\" class=\"read-more\" href=\"https:\/\/zeitimraum.at\/new_wp\/coaching-supervision\/\">weiterlesen<\/a><\/p>\n","protected":false},"author":4,"featured_media":0,"parent":0,"menu_order":0,"comment_status":"closed","ping_status":"closed","template":"","meta":{"footnotes":""},"class_list":["post-52","page","type-page","status-publish"],"_links":{"self":[{"href":"https:\/\/zeitimraum.at\/new_wp\/wp-json\/wp\/v2\/pages\/52","targetHints":{"allow":["GET"]}}],"collection":[{"href":"https:\/\/zeitimraum.at\/new_wp\/wp-json\/wp\/v2\/pages"}],"about":[{"href":"https:\/\/zeitimraum.at\/new_wp\/wp-json\/wp\/v2\/types\/page"}],"author":[{"embeddable":true,"href":"https:\/\/zeitimraum.at\/new_wp\/wp-json\/wp\/v2\/users\/4"}],"replies":[{"embeddable":true,"href":"https:\/\/zeitimraum.at\/new_wp\/wp-json\/wp\/v2\/comments?post=52"}],"version-history":[{"count":43,"href":"https:\/\/zeitimraum.at\/new_wp\/wp-json\/wp\/v2\/pages\/52\/revisions"}],"predecessor-version":[{"id":1351,"href":"https:\/\/zeitimraum.at\/new_wp\/wp-json\/wp\/v2\/pages\/52\/revisions\/1351"}],"wp:attachment":[{"href":"https:\/\/zeitimraum.at\/new_wp\/wp-json\/wp\/v2\/media?parent=52"}],"curies":[{"name":"wp","href":"https:\/\/api.w.org\/{rel}","templated":true}]}}