{"id":196,"date":"2016-11-06T00:30:31","date_gmt":"2016-11-05T23:30:31","guid":{"rendered":"http:\/\/zeitimraum.at\/new_wp\/?page_id=196"},"modified":"2025-05-17T12:44:32","modified_gmt":"2025-05-17T10:44:32","slug":"praxisraeume","status":"publish","type":"page","link":"https:\/\/zeitimraum.at\/new_wp\/praxisraeume\/","title":{"rendered":"INside &#038; OUTside"},"content":{"rendered":"<p><strong>INside<\/strong><\/p>\n<p style=\"text-align: left;\">Die <strong>Praxis<\/strong> <strong>Barbara<\/strong> Rainer-Mitterbauer ist angesiedelt im Verein B.A.S.E. &#8211; B\u00fcro f\u00fcr angewandte Sozialforschung und Entwicklung; unsere Mitglieder bringen Wissen ein aus den Bereichen Psychotherapie, Psychologie, Mediation, Soziologie, Politik- und Kommunikationswissenschaft, P\u00e4dagogik und Geschichtswissenschaft.<\/p>\n<p style=\"text-align: left;\"><img loading=\"lazy\" decoding=\"async\" class=\"wp-image-561 aligncenter\" src=\"http:\/\/zeitimraum.at\/new_wp\/wp-content\/uploads\/2016\/11\/20151106_090731_jiw-300x169.jpg\" alt=\"20151106_090731_jiw\" width=\"500\" height=\"281\" srcset=\"https:\/\/zeitimraum.at\/new_wp\/wp-content\/uploads\/2016\/11\/20151106_090731_jiw-300x169.jpg 300w, https:\/\/zeitimraum.at\/new_wp\/wp-content\/uploads\/2016\/11\/20151106_090731_jiw-768x432.jpg 768w, https:\/\/zeitimraum.at\/new_wp\/wp-content\/uploads\/2016\/11\/20151106_090731_jiw-1024x576.jpg 1024w\" sizes=\"auto, (max-width: 500px) 100vw, 500px\" \/><\/p>\n<p style=\"text-align: left;\">Die Praxis befindet sich in zentraler Lage am Mirabellplatz in Salzburg, in unmittelbarer N\u00e4he zu Haltestellen \u00f6ffentlicher Verkehrsmittel bzw. ca. 10 Gehminuten vom Bahnhof entfernt. Parken ist in der umliegenden, geb\u00fchrenpflichtigen Zone (Automaten) sowie in der nahen Tiefgarage m\u00f6glich. \u00dcber einen mit Schranken versehenen Durchgang gelangt man \u00fcber den Innenhof &#8211; den erhabenen Lindenbaum passierend &#8211; zum Aufgang in den dritten Stock. Die behindertengerechte Umgestaltung des Zu- bzw. Aufgangs ist in Planung. Auf Wunsch biete ich meine Leistungen auch in Ihrer Einrichtung bzw. in Form von Hausbesuchen an.<\/p>\n<p style=\"text-align: left;\"><img loading=\"lazy\" decoding=\"async\" class=\"wp-image-560 aligncenter\" src=\"http:\/\/zeitimraum.at\/new_wp\/wp-content\/uploads\/2016\/11\/20161121_094023_jiw-576x1024.jpg\" alt=\"20161121_094023_jiw\" width=\"281\" height=\"500\" srcset=\"https:\/\/zeitimraum.at\/new_wp\/wp-content\/uploads\/2016\/11\/20161121_094023_jiw-576x1024.jpg 576w, https:\/\/zeitimraum.at\/new_wp\/wp-content\/uploads\/2016\/11\/20161121_094023_jiw-169x300.jpg 169w, https:\/\/zeitimraum.at\/new_wp\/wp-content\/uploads\/2016\/11\/20161121_094023_jiw-768x1365.jpg 768w\" sizes=\"auto, (max-width: 281px) 100vw, 281px\" \/><\/p>\n<p style=\"text-align: left;\"><strong>OUTside<\/strong><\/p>\n<p style=\"text-align: left;\">Die Nahrung des Geistes ist der ausgewogene Wechsel von Auseinandersetzung und Stille. Die Nahrung des K\u00f6rpers die Balance von Bewegung und Ruhe. Die Kombination von Gespr\u00e4chen im Drinnen und Drau\u00dfen kommt diesen Bed\u00fcrfnissen entgegen. In meiner Arbeit begebe ich mich daher gemeinsam mit den Menschen auch in die Natur und in das Leben der Umgebung.<\/p>\n<p style=\"text-align: left;\"><img loading=\"lazy\" decoding=\"async\" class=\"wp-image-363 aligncenter\" src=\"http:\/\/zeitimraum.at\/new_wp\/wp-content\/uploads\/2016\/08\/fotos-bis-012008-394-laubb\u00e4ume-ret-300x215.jpg\" alt=\"fotos-bis-012008-394-laubbaeume-ret\" width=\"500\" height=\"358\" srcset=\"https:\/\/zeitimraum.at\/new_wp\/wp-content\/uploads\/2016\/08\/fotos-bis-012008-394-laubb\u00e4ume-ret-300x215.jpg 300w, https:\/\/zeitimraum.at\/new_wp\/wp-content\/uploads\/2016\/08\/fotos-bis-012008-394-laubb\u00e4ume-ret-768x549.jpg 768w, https:\/\/zeitimraum.at\/new_wp\/wp-content\/uploads\/2016\/08\/fotos-bis-012008-394-laubb\u00e4ume-ret-1024x732.jpg 1024w, https:\/\/zeitimraum.at\/new_wp\/wp-content\/uploads\/2016\/08\/fotos-bis-012008-394-laubb\u00e4ume-ret.jpg 1600w\" sizes=\"auto, (max-width: 500px) 100vw, 500px\" \/><\/p>\n<p style=\"text-align: center;\"><strong><i>&#8222;Der Geist ist demselben Gesetz unterworfen wie der K\u00f6rper:<br \/>\n<\/i><\/strong><i><strong>beide k\u00f6nnen sich nur\u00a0durch best\u00e4ndige Nahrung erhalten.&#8220;<\/strong><br \/>\n[LUC DE CLAPIERS VAUVENARGUES, 1715-1747]<\/i><\/p>\n","protected":false},"excerpt":{"rendered":"<p>INside Die Praxis Barbara Rainer-Mitterbauer ist angesiedelt im Verein B.A.S.E. &#8211; B\u00fcro f\u00fcr angewandte Sozialforschung und Entwicklung; unsere Mitglieder bringen Wissen ein aus den Bereichen Psychotherapie, Psychologie, Mediation, Soziologie, Politik- und Kommunikationswissenschaft, P\u00e4dagogik und Geschichtswissenschaft. Die Praxis befindet sich in zentraler Lage am Mirabellplatz in Salzburg, in unmittelbarer N\u00e4he zu Haltestellen \u00f6ffentlicher Verkehrsmittel bzw. ca. &#8230; <a title=\"INside &#038; OUTside\" class=\"read-more\" href=\"https:\/\/zeitimraum.at\/new_wp\/praxisraeume\/\">weiterlesen<\/a><\/p>\n","protected":false},"author":3,"featured_media":0,"parent":0,"menu_order":0,"comment_status":"closed","ping_status":"closed","template":"","meta":{"footnotes":""},"class_list":["post-196","page","type-page","status-publish"],"_links":{"self":[{"href":"https:\/\/zeitimraum.at\/new_wp\/wp-json\/wp\/v2\/pages\/196","targetHints":{"allow":["GET"]}}],"collection":[{"href":"https:\/\/zeitimraum.at\/new_wp\/wp-json\/wp\/v2\/pages"}],"about":[{"href":"https:\/\/zeitimraum.at\/new_wp\/wp-json\/wp\/v2\/types\/page"}],"author":[{"embeddable":true,"href":"https:\/\/zeitimraum.at\/new_wp\/wp-json\/wp\/v2\/users\/3"}],"replies":[{"embeddable":true,"href":"https:\/\/zeitimraum.at\/new_wp\/wp-json\/wp\/v2\/comments?post=196"}],"version-history":[{"count":53,"href":"https:\/\/zeitimraum.at\/new_wp\/wp-json\/wp\/v2\/pages\/196\/revisions"}],"predecessor-version":[{"id":1453,"href":"https:\/\/zeitimraum.at\/new_wp\/wp-json\/wp\/v2\/pages\/196\/revisions\/1453"}],"wp:attachment":[{"href":"https:\/\/zeitimraum.at\/new_wp\/wp-json\/wp\/v2\/media?parent=196"}],"curies":[{"name":"wp","href":"https:\/\/api.w.org\/{rel}","templated":true}]}}