{"id":178,"date":"2016-11-05T23:43:52","date_gmt":"2016-11-05T22:43:52","guid":{"rendered":"http:\/\/zeitimraum.at\/new_wp\/?page_id=178"},"modified":"2025-11-06T21:32:41","modified_gmt":"2025-11-06T20:32:41","slug":"publikationen","status":"publish","type":"page","link":"https:\/\/zeitimraum.at\/new_wp\/publikationen\/","title":{"rendered":"PUBLIKATIONEN"},"content":{"rendered":"<p>Dimmel, N. &amp; Rainer-Mitterbauer B. (2025). <strong>Zwei Quadratmeterminuten. Zur Kritik der <\/strong><br \/>\n<strong>Kindertageszurichtung.<\/strong> Verlag L\u00f6cker: Wien.<\/p>\n<p>Rainer-Mitterbauer B. (2023). <strong>Black Box Kita. Zur Reproduktion sozialer Ungleichheit in der institutionellen Klein(st)kindbetreuung. <\/strong>Bachelor Thesis, Paris Lodron Universit\u00e4t Salzburg.<\/p>\n<p>Seit 2021 <strong>Short Stories<\/strong> auf <a href=\"http:\/\/www.story.one\/u\/barbara-rainer-mitterbauer-23206\">http:\/\/www.story.one\/u\/barbara-rainer-mitterbauer-23206<\/a><\/p>\n<p>Rainer-Mitterbauer B. (2020). <strong>Gest\u00f6rtes Essverhalten und Einstellungen zum Essen bei adoleszenten M\u00e4dchen: Entwicklungen der letzten drei Jahrzehnte.<\/strong> Dissertation, Paris Lodron Universit\u00e4t Salzburg.<\/p>\n<p>Rainer-Mitterbauer B. (2017).\u00a0<strong>Des Kaisers neue Kleider. Postmodern\u00a0fiction fights reality.<\/strong>\u00a0(unver\u00f6ffentlichter Aufsatz zur Ringvorlesung &#8222;Der K\u00f6rper in der Postmoderne&#8220;, Universit\u00e4t Salzburg)<\/p>\n<p>Rainer B. (2001).\u00a0\u00a0<strong>www.jet2flat.com &#8211; Marketingkonzept f\u00fcr ein Internet-Wohnungsportal mit den Schwerpunkten Ist-Analyse und Ziele.<\/strong> Management Akademie der Universit\u00e4t Salzburg (Abschlussarbeit, unver\u00f6ffentlicht)<\/p>\n<p>Rainer B. (1998). <strong>Mind-Moving: Systemisch orientiertes Basistraining f\u00fcr Wandlungsf\u00e4higkeit im Denken.<\/strong> Management Akademie der Universit\u00e4t Salzburg (Abschlussarbeit, unver\u00f6ffentlicht)<\/p>\n<p>Rainer B. (1998). <strong>Redaktion und Beitr\u00e4ge in der Zeitschrift <em>Bildungsf\u00e4cher-<\/em><em>Erwachsenenbildung in Tirol.<\/em><\/strong><\/p>\n<p>Rathner G. &amp; Rainer B. (1998). <strong>The factor structure of the Anorexia Nervosa Inventory for Self-Rating in a population-based sample and derivation of a shortened form.<\/strong> <em>European Archives of Psychiatry and Clinical Neurosciences, 248, 171-179.<\/em><\/p>\n<p>Rathner G., Zangerle M., Rainer B. &amp; Dunkel D. (1998). <strong>Alltagsprobleme und belastende Lebensereignisse: Bewertung, Bew\u00e4ltigung und soziale Erw\u00fcnschtheit.<\/strong> <em>Zeitschrift f\u00fcr Klinische Psychologie, Psychopathologie und Psychotherapie<\/em>, 46, 29-46.<\/p>\n<p>Rathner G. &amp; Rainer B. (1997). <strong>J\u00e4hrliche Behandlungszahlen und gesch\u00e4tzte H\u00e4ufigkeit von Essst\u00f6rungen in \u00d6sterreich.<\/strong> <em>Wiener Klinische Wochenschrift<\/em>, 8, 275-280.<\/p>\n<p>Rathner G. &amp; Rainer B. (1997). <strong>Normen f\u00fcr das Anorexia-nervosa-Inventar zur Selbstbeurteilung bei weiblichen Adoleszenten der Risikoaltersgruppe f\u00fcr Essst\u00f6rungen.<\/strong> <em>Zeitschrift f\u00fcr Klinische Psychologie, Psychopathologie und Psychotherapie<\/em>, 45, 302-318.<\/p>\n<p>Rainer B. (1997). <strong>M\u00fctterliches Erziehungs- und Hygieneverhalten und die Bedeutung von Geschwistern bei allergischen und nicht-allergischen Kindern.<\/strong> <em>Zeitschrift f\u00fcr Klinische Psychologie, Psychopathologie und Psychotherapie<\/em>, 45, 376-392.<\/p>\n<p>Rainer B. &amp; Rathner G. (1997). <strong>EAT-Normen f\u00fcr deutschsprachige weibliche Jugendliche: Eine populationsgest\u00fctze Studie.<\/strong> <em>Zeitschrift f\u00fcr Klinische Psychologie, Psychopathologie und Psychotherapie<\/em>, 45, 16-35.<\/p>\n<p>Rainer B. (1994). <strong>Zur Psychosomatik der Allergie. Erziehung und Sauberkeitserziehung von allergisch erkrankten Kindern<\/strong>. Diplomarbeit. Leopold-Franzens-Universit\u00e4t Innsbruck<\/p>\n","protected":false},"excerpt":{"rendered":"<p>Dimmel, N. &amp; Rainer-Mitterbauer B. (2025). Zwei Quadratmeterminuten. Zur Kritik der Kindertageszurichtung. Verlag L\u00f6cker: Wien. Rainer-Mitterbauer B. (2023). Black Box Kita. Zur Reproduktion sozialer Ungleichheit in der institutionellen Klein(st)kindbetreuung. Bachelor Thesis, Paris Lodron Universit\u00e4t Salzburg. Seit 2021 Short Stories auf http:\/\/www.story.one\/u\/barbara-rainer-mitterbauer-23206 Rainer-Mitterbauer B. (2020). Gest\u00f6rtes Essverhalten und Einstellungen zum Essen bei adoleszenten M\u00e4dchen: Entwicklungen der &#8230; <a title=\"PUBLIKATIONEN\" class=\"read-more\" href=\"https:\/\/zeitimraum.at\/new_wp\/publikationen\/\">weiterlesen<\/a><\/p>\n","protected":false},"author":3,"featured_media":0,"parent":0,"menu_order":0,"comment_status":"closed","ping_status":"closed","template":"","meta":{"footnotes":""},"class_list":["post-178","page","type-page","status-publish"],"_links":{"self":[{"href":"https:\/\/zeitimraum.at\/new_wp\/wp-json\/wp\/v2\/pages\/178","targetHints":{"allow":["GET"]}}],"collection":[{"href":"https:\/\/zeitimraum.at\/new_wp\/wp-json\/wp\/v2\/pages"}],"about":[{"href":"https:\/\/zeitimraum.at\/new_wp\/wp-json\/wp\/v2\/types\/page"}],"author":[{"embeddable":true,"href":"https:\/\/zeitimraum.at\/new_wp\/wp-json\/wp\/v2\/users\/3"}],"replies":[{"embeddable":true,"href":"https:\/\/zeitimraum.at\/new_wp\/wp-json\/wp\/v2\/comments?post=178"}],"version-history":[{"count":21,"href":"https:\/\/zeitimraum.at\/new_wp\/wp-json\/wp\/v2\/pages\/178\/revisions"}],"predecessor-version":[{"id":1463,"href":"https:\/\/zeitimraum.at\/new_wp\/wp-json\/wp\/v2\/pages\/178\/revisions\/1463"}],"wp:attachment":[{"href":"https:\/\/zeitimraum.at\/new_wp\/wp-json\/wp\/v2\/media?parent=178"}],"curies":[{"name":"wp","href":"https:\/\/api.w.org\/{rel}","templated":true}]}}