{"id":142,"date":"2016-11-02T17:45:01","date_gmt":"2016-11-02T16:45:01","guid":{"rendered":"http:\/\/zeitimraum.at\/new_wp\/?page_id=142"},"modified":"2025-05-17T11:49:09","modified_gmt":"2025-05-17T09:49:09","slug":"berufliche-taetigkeiten","status":"publish","type":"page","link":"https:\/\/zeitimraum.at\/new_wp\/berufliche-taetigkeiten\/","title":{"rendered":"TUN"},"content":{"rendered":"<p><strong><i>\u201eDer Mensch ist ein zeitliches Wesen, das nur lebt, indem es seine Welt um sich wandelt.\u201c&nbsp;<\/i><\/strong><br \/>\n[KARL JASPERS, 1883-1969]<\/p>\n<p>Erfahren in den Wandlungsgebieten<\/p>\n<ul>\n<li style=\"list-style-type: none;\">\n<ul>\n<li>freiberufliche Arbeit als <strong>Psychotherapeutin, klinische und Gesundheitspsychologin und Trainerin<\/strong><\/li>\n<li><strong>aufsuchende Familientherapie<\/strong>&nbsp;in Deutschland und \u00d6sterreich zur Deeskalation bei famili\u00e4ren Krisen<\/li>\n<li><strong>Forschung evidence-based treatment:<\/strong> Erforschung von Wirkfaktoren in der <strong>Psychotherapie<\/strong> <strong>von Essst\u00f6rungen<\/strong> (EU-Projekt COST-B6) sowie in der ambulanten Familientherapie<\/li>\n<li><strong>Forschungsarbeit zu Epidemiologie<\/strong> und Verlauf von <strong>Essst\u00f6rungen<\/strong> (Natural History of Eating Disorders) sowie zu <strong>Lebensqualit\u00e4t<\/strong> im Kulturvergleich zentraleurop\u00e4ischer L\u00e4nder (European Cross-Cultural Epidemiological Study)<\/li>\n<li><b>Projektmanagement<\/b>&nbsp;in der <strong>Markt- und Meinungsforschung<\/strong> einschlie\u00dflich Mitarbeiter:innen-Befragungen f\u00fcr Gro\u00dfunternehmen in Handel, Industrie, Dienstleistungsbranche\/ Gesundheitswesen, Politik und \u00f6ffentlichem Dienst<\/li>\n<li><strong>\u00d6ffentlichkeitsarbeit in der Tiroler Erwachsenenbildung<\/strong> zur F\u00f6rderung der bundeslandweiten Kooperation der etablierten Bildungsinstitutionen<\/li>\n<li><strong>Bewerbungscoaching<\/strong>: Optimierung von Bewerbungsunterlagen, Telefontraining, Training des Vorstellungsgespr\u00e4chs<\/li>\n<li><strong>Berufs-\/Bildungsberatung und Training<\/strong> f\u00fcr unterschiedliche Zielgruppen (job-ready, langzeitarbeitslos, mit Handicap, chronisch erkrankt, auszubildend, wieder-einsteigend)<\/li>\n<li><strong>Projektleitung in der Arbeits-Rehabilitation <\/strong>f\u00fcr Menschen mit chronischen psychischen Erkrankungen<\/li>\n<li><strong>Diagnostik: Klinisch-Psychologische Diagnostik<\/strong> (Universit\u00e4tsklinikum Innsbruck), <strong>verkehrspsychologische Diagnostik<\/strong> (Kuratorium f\u00fcr Verkehrssicherheit) und <strong>Berufseignungs-Diagnostik bzw. Assessment <\/strong>(<strong>Per<\/strong><strong>sonalberatung &#8211; Recruiting)<\/strong><\/li>\n<li>au\u00dferdem: Referentin f\u00fcr Pers\u00f6nlichkeitspsychologie und -theorien, Praktika (Kindergarten, Geburtenstation, Psychosomatische Kinderklinik), Datenmanagement (Erhebung, Aufbereitung, statistische Analyse), diverse Jobs (Verkauf, Service, Office, Entwurf und Konfektion ma\u00dfgeschneiderter Mode)<\/li>\n<li>wenn Zeit bleibt versuchte Geschichtenschreiberin <a href=\"http:\/\/www.story.one\/u\/barbara-rainer-mitterbauer-23206\">http:\/\/www.story.one\/u\/barbara-rainer-mitterbauer-23206<\/a><\/li>\n<li>und first of all: mit Begeisterung und Dankbarkeit &#8211; eine Zeit lang auch alleinerziehend &#8211; <strong>Mama \ud83d\ude09<\/strong><\/li>\n<\/ul>\n<\/li>\n<\/ul>\n<h3><\/h3>\n<h3 style=\"text-align: left;\"><strong>Mag. Dr. Barbara Rainer-Mitterbauer BSSc<\/strong><\/h3>\n","protected":false},"excerpt":{"rendered":"<p>\u201eDer Mensch ist ein zeitliches Wesen, das nur lebt, indem es seine Welt um sich wandelt.\u201c&nbsp; [KARL JASPERS, 1883-1969] Erfahren in den Wandlungsgebieten freiberufliche Arbeit als Psychotherapeutin, klinische und Gesundheitspsychologin und Trainerin aufsuchende Familientherapie&nbsp;in Deutschland und \u00d6sterreich zur Deeskalation bei famili\u00e4ren Krisen Forschung evidence-based treatment: Erforschung von Wirkfaktoren in der Psychotherapie von Essst\u00f6rungen (EU-Projekt COST-B6) &#8230; <a title=\"TUN\" class=\"read-more\" href=\"https:\/\/zeitimraum.at\/new_wp\/berufliche-taetigkeiten\/\">weiterlesen<\/a><\/p>\n","protected":false},"author":3,"featured_media":0,"parent":0,"menu_order":0,"comment_status":"closed","ping_status":"closed","template":"","meta":{"footnotes":""},"class_list":["post-142","page","type-page","status-publish"],"_links":{"self":[{"href":"https:\/\/zeitimraum.at\/new_wp\/wp-json\/wp\/v2\/pages\/142","targetHints":{"allow":["GET"]}}],"collection":[{"href":"https:\/\/zeitimraum.at\/new_wp\/wp-json\/wp\/v2\/pages"}],"about":[{"href":"https:\/\/zeitimraum.at\/new_wp\/wp-json\/wp\/v2\/types\/page"}],"author":[{"embeddable":true,"href":"https:\/\/zeitimraum.at\/new_wp\/wp-json\/wp\/v2\/users\/3"}],"replies":[{"embeddable":true,"href":"https:\/\/zeitimraum.at\/new_wp\/wp-json\/wp\/v2\/comments?post=142"}],"version-history":[{"count":74,"href":"https:\/\/zeitimraum.at\/new_wp\/wp-json\/wp\/v2\/pages\/142\/revisions"}],"predecessor-version":[{"id":1417,"href":"https:\/\/zeitimraum.at\/new_wp\/wp-json\/wp\/v2\/pages\/142\/revisions\/1417"}],"wp:attachment":[{"href":"https:\/\/zeitimraum.at\/new_wp\/wp-json\/wp\/v2\/media?parent=142"}],"curies":[{"name":"wp","href":"https:\/\/api.w.org\/{rel}","templated":true}]}}