{"id":540,"date":"2016-11-22T20:52:59","date_gmt":"2016-11-22T19:52:59","guid":{"rendered":"http:\/\/zeitimraum.at\/new_wp\/?page_id=540"},"modified":"2023-08-05T14:36:11","modified_gmt":"2023-08-05T12:36:11","slug":"impressum","status":"publish","type":"page","link":"http:\/\/zeitimraum.at\/new_wp\/impressum\/","title":{"rendered":"IMPRESSUM"},"content":{"rendered":"<p>Impressum und Offenlegung nach dem \u00a7 5 E-Commerce-Gesetz<\/p>\n<p>Fotos, Bildrechte und f\u00fcr den Inhalt verantwortlich:<\/p>\n<h3><b>Mag. Dr. Barbara Rainer-Mitterbauer BSSc<\/b><\/h3>\n<p>Mirabellplatz 9\/3<br \/>\nA-5020 Salzburg<br \/>\n\u00d6sterreich<\/p>\n<p>Telefon \u00a0 \u00a0 +43-(0)650 \/ 77 10 614<br \/>\nEmail \u00a0 \u00a0 \u00a0\u00a0 office@zeitimraum.at<br \/>\nWeb\u00a0 \u00a0 \u00a0 \u00a0 \u00a0 \u00a0<u><a href=\"http:\/\/www.zeitimraum.at\/\">www.zeitimraum.at<br \/>\n<\/a><\/u>DVR-Nr\u00a0 \u00a0 \u00a0 4002214<\/p>\n<h3 style=\"text-align: left;\">Rechtsform und Unternehmensgegenstand<\/h3>\n<p style=\"text-align: left;\">Einzelunternehmen, Psychologische &amp; Psychotherapeutische Praxis<\/p>\n<h3 style=\"text-align: left;\">Aufsichtsbeh\u00f6rde<\/h3>\n<p style=\"text-align: left;\">Bundesministerium f\u00fcr\u00a0Soziales,\u00a0Gesundheit, Pflege und Konsumentenschutz<\/p>\n<h3 style=\"text-align: left;\">Haftungsausschluss<\/h3>\n<p style=\"text-align: left;\">1. Inhalt des Onlineangebotes<\/p>\n<p style=\"text-align: left;\">Auf der Website werden Ihnen allgemeine Informationen zu den Leistungen der Praxis Mag. Dr. Barbara Rainer-Mitterbauer BSSc zur Verf\u00fcgung gestellt. <b><\/b>Die Inhalte dieser Website dienen ausschlie\u00dflich der Information. Es kommen durch die Nutzung der Auswahlm\u00f6glichkeiten der Website keinerlei Rechtsgesch\u00e4fte zwischen der Eigent\u00fcmerin und den NutzerInnen zu Stande. Die weitere Vorgangsweise zwischen Anbieterin und NutzerInnen und der m\u00f6gliche sp\u00e4tere Abschluss von Auftr\u00e4gen zwischen Anbieterin und NutzerInnen liegen im ausschlie\u00dflichen Ermessen der NutzerInnen.\u00a0Die Autorin \u00fcbernimmt keinerlei Gew\u00e4hr f\u00fcr die Aktualit\u00e4t, Korrektheit, Vollst\u00e4ndigkeit oder Qualit\u00e4t der bereitgestellten Informationen. Haftungsanspr\u00fcche gegen die Autorin, welche sich auf Sch\u00e4den materieller oder ideeller Art beziehen, die durch die Nutzung oder Nichtnutzung der dargebotenen Informationen bzw. durch die Nutzung fehlerhafter und unvollst\u00e4ndiger Informationen verursacht wurden, sind grunds\u00e4tzlich ausgeschlossen, sofern seitens der Autorin kein nachweislich vors\u00e4tzliches oder grob fahrl\u00e4ssiges Verschulden vorliegt. Alle Angebote sind freibleibend und unverbindlich. Die Autorin beh\u00e4lt es sich ausdr\u00fccklich vor, Teile der Seiten oder das gesamte Angebot ohne gesonderte Ank\u00fcndigung zu ver\u00e4ndern, zu erg\u00e4nzen, zu l\u00f6schen oder die Ver\u00f6ffentlichung zeitweise oder endg\u00fcltig einzustellen.<\/p>\n<p style=\"text-align: left;\">2. Verweise und Links<\/p>\n<p style=\"text-align: left;\">Bei direkten oder indirekten Verweisen auf fremde Internetseiten (Links), die au\u00dferhalb des Verantwortungsbereiches der Autorin liegen, w\u00fcrde eine Haftungsverpflichtung ausschlie\u00dflich in dem Fall in Kraft treten, in dem die Autorin von den Inhalten Kenntnis hat und es ihm technisch m\u00f6glich und zumutbar w\u00e4re, die Nutzung im Falle rechtswidriger Inhalte zu verhindern. Die Autorin erkl\u00e4rt hiermit ausdr\u00fccklich, dass zum Zeitpunkt der Linksetzung keine illegalen Inhalte auf den zu verlinkenden Seiten erkennbar waren. Auf die aktuelle und zuk\u00fcnftige Gestaltung, die Inhalte oder die Urheberschaft der gelinkten\/verkn\u00fcpften Seiten hat die Autorin keinerlei Einfluss. Deshalb distanziert sie sich hiermit ausdr\u00fccklich von allen Inhalten aller gelinkten\/verkn\u00fcpften Seiten, die nach der Linksetzung ver\u00e4ndert wurden. Diese Feststellung gilt f\u00fcr alle innerhalb des eigenen Internetangebotes gesetzten Links und Verweise sowie f\u00fcr Fremdeintr\u00e4ge in von der Autorin eingerichtete G\u00e4steb\u00fccher, Diskussionsforen und Mailinglisten. F\u00fcr illegale, fehlerhafte oder unvollst\u00e4ndige Inhalte und insbesondere f\u00fcr Sch\u00e4den, die aus der Nutzung oder Nichtnutzung solcherart dargebotener Informationen entstehen, haftet allein der Anbieter der Seite, auf welche verwiesen wurde, nicht derjenige, der \u00fcber Links auf die jeweilige Ver\u00f6ffentlichung lediglich verweist.<\/p>\n<p style=\"text-align: left;\">3. Urheber- und Kennzeichenrecht<\/p>\n<p style=\"text-align: left;\">Die Autorin ist bestrebt, in allen Publikationen die Urheberrechte der verwendeten Grafiken, Tondokumente, Videosequenzen und Texte zu beachten, von ihr selbst erstellte Grafiken, Tondokumente, Videosequenzen und Texte zu nutzen oder auf lizenzfreie Grafiken, Tondokumente, Videosequenzen und Texte zur\u00fcckzugreifen. Alle innerhalb des Internetangebotes genannten und ggf. durch Dritte gesch\u00fctzten Marken- und Warenzeichen unterliegen uneingeschr\u00e4nkt den Bestimmungen des jeweils g\u00fcltigen Kennzeichenrechts und den Besitzrechten der jeweiligen eingetragenen Eigent\u00fcmer. Allein aufgrund der blo\u00dfen Nennung ist nicht der Schluss zu ziehen, dass Markenzeichen nicht durch Rechte Dritter gesch\u00fctzt sind! Der Inhalt dieser Homepage ist urheberrechtlich gesch\u00fctzt. Das Copyright f\u00fcr ver\u00f6ffentlichte, von der Autorin selbst erstellte Objekte bleibt allein bei der\u00a0Autorin der Seiten. Eine Vervielf\u00e4ltigung oder Verwendung solcher Grafiken, Tondokumente, Videosequenzen und Texte in anderen elektronischen oder gedruckten Publikationen ist ohne ausdr\u00fcckliche Zustimmung der Autorin nicht gestattet.<\/p>\n<p style=\"text-align: left;\">4. Datenschutz<\/p>\n<p style=\"text-align: left;\">Sofern innerhalb des Internetangebotes die M\u00f6glichkeit zur Eingabe pers\u00f6nlicher oder gesch\u00e4ftlicher Daten (E-Mail-Adressen, Namen, Anschriften) besteht, so erfolgt die Preisgabe dieser Daten seitens des Nutzers auf ausdr\u00fccklich freiwilliger Basis. Die Inanspruchnahme und Bezahlung aller angebotenen Dienste ist &#8211; soweit technisch m\u00f6glich und zumutbar &#8211; auch ohne Angabe solcher Daten bzw. unter Angabe anonymisierter Daten oder eines Pseudonyms gestattet. Die Nutzung der im Rahmen des Impressums oder vergleichbarer Angaben ver\u00f6ffentlichten Kontaktdaten wie Postanschriften, Telefon- und Faxnummern sowie E-Mail-Adressen durch Dritte zur \u00dcbersendung von nicht ausdr\u00fccklich angeforderten Informationen ist nicht gestattet. Rechtliche Schritte gegen die Versender von so genannten Spam-Mails bei Verst\u00f6\u00dfen gegen dieses Verbot sind ausdr\u00fccklich vorbehalten.<\/p>\n<p>Ich weise darauf hin, dass die Daten\u00fcbertragung im Internet (z.B. bei der Kommunikation per E-Mail) Sicherheitsl\u00fccken aufweisen kann. Ein l\u00fcckenloser Schutz der Daten vor dem Zugriff durch Dritte ist nicht m\u00f6glich.<\/p>\n<p style=\"text-align: left;\">5. Rechtswirksamkeit dieses Haftungsausschlusses<\/p>\n<p style=\"text-align: left;\">Dieser Haftungsausschluss ist als Teil des Internetangebotes zu betrachten, von dem aus auf diese Seite verwiesen wurde. Sofern Teile oder einzelne Formulierungen dieses Textes der geltenden Rechtslage nicht, nicht mehr oder nicht vollst\u00e4ndig entsprechen sollten, bleiben die \u00fcbrigen Teile des Dokumentes in ihrem Inhalt und ihrer G\u00fcltigkeit davon unber\u00fchrt.<\/p>\n<p>Im Hinblick auf die technischen Eigenschaften des Internet kann keine Gew\u00e4hr f\u00fcr die Authentizit\u00e4t, Richtigkeit und Vollst\u00e4ndigkeit der im Internet zur Verf\u00fcgung gestellten Informationen \u00fcbernommen werden. Es wird auch keine Gew\u00e4hr f\u00fcr die Verf\u00fcgbarkeit oder den Betrieb der gegenst\u00e4ndlichen Homepage und ihrer Inhalte \u00fcbernommen.<\/p>\n<p>Jede Haftung f\u00fcr unmittelbare, mittelbare oder sonstige Sch\u00e4den, unabh\u00e4ngig von deren Ursachen, die aus der Benutzung oder Nichtverf\u00fcgbarkeit der Daten und Informationen dieser Homepage erwachsen, wird, soweit rechtlich zul\u00e4ssig, ausgeschlossen.<\/p>\n<p>F\u00fcr Inhalte von verlinkten und ggf. weiter verlinkten externen Seiten wird keine Verantwortung \u00fcbernommen. H\u00f6chstvorsorglich distanziere ich mich ausdr\u00fccklich von illegalen oder sonst unzul\u00e4ssigen Inhalten, die sich auf verlinkten und ggf. weiter verlinkten externen Seiten befinden. Es wird darauf hingewiesen, dass die Betreiberin keinen Einfluss auf Gestaltung und Inhalte der verlinkten Seiten hat. F\u00fcr St\u00f6rungen, Sch\u00e4den und sonst ungewollt eintretende Ereignisse, die sich aus bzw. bei der Nutzung von verlinkten und ggf. weiter verlinkten Seiten ergeben, wird jedwede Haftung ausgeschlossen.<\/p>\n<p style=\"text-align: left;\">\n","protected":false},"excerpt":{"rendered":"<p>Impressum und Offenlegung nach dem \u00a7 5 E-Commerce-Gesetz Fotos, Bildrechte und f\u00fcr den Inhalt verantwortlich: Mag. Dr. Barbara Rainer-Mitterbauer BSSc Mirabellplatz 9\/3 A-5020 Salzburg \u00d6sterreich Telefon \u00a0 \u00a0 +43-(0)650 \/ 77 10 614 Email \u00a0 \u00a0 \u00a0\u00a0 office@zeitimraum.at Web\u00a0 \u00a0 \u00a0 \u00a0 \u00a0 \u00a0www.zeitimraum.at DVR-Nr\u00a0 \u00a0 \u00a0 4002214 Rechtsform und Unternehmensgegenstand Einzelunternehmen, Psychologische &amp; Psychotherapeutische &#8230; <a title=\"IMPRESSUM\" class=\"read-more\" href=\"http:\/\/zeitimraum.at\/new_wp\/impressum\/\">weiterlesen<\/a><\/p>\n","protected":false},"author":3,"featured_media":0,"parent":0,"menu_order":0,"comment_status":"closed","ping_status":"closed","template":"","meta":{"footnotes":""},"class_list":["post-540","page","type-page","status-publish"],"_links":{"self":[{"href":"http:\/\/zeitimraum.at\/new_wp\/wp-json\/wp\/v2\/pages\/540","targetHints":{"allow":["GET"]}}],"collection":[{"href":"http:\/\/zeitimraum.at\/new_wp\/wp-json\/wp\/v2\/pages"}],"about":[{"href":"http:\/\/zeitimraum.at\/new_wp\/wp-json\/wp\/v2\/types\/page"}],"author":[{"embeddable":true,"href":"http:\/\/zeitimraum.at\/new_wp\/wp-json\/wp\/v2\/users\/3"}],"replies":[{"embeddable":true,"href":"http:\/\/zeitimraum.at\/new_wp\/wp-json\/wp\/v2\/comments?post=540"}],"version-history":[{"count":15,"href":"http:\/\/zeitimraum.at\/new_wp\/wp-json\/wp\/v2\/pages\/540\/revisions"}],"predecessor-version":[{"id":1316,"href":"http:\/\/zeitimraum.at\/new_wp\/wp-json\/wp\/v2\/pages\/540\/revisions\/1316"}],"wp:attachment":[{"href":"http:\/\/zeitimraum.at\/new_wp\/wp-json\/wp\/v2\/media?parent=540"}],"curies":[{"name":"wp","href":"https:\/\/api.w.org\/{rel}","templated":true}]}}