{"id":32,"date":"2016-08-31T10:26:57","date_gmt":"2016-08-31T08:26:57","guid":{"rendered":"http:\/\/zeitimraum.at\/new_wp\/?page_id=32"},"modified":"2017-02-18T10:55:16","modified_gmt":"2017-02-18T09:55:16","slug":"familientherapie","status":"publish","type":"page","link":"http:\/\/zeitimraum.at\/new_wp\/familientherapie\/","title":{"rendered":"FAMILIE &#038; BEZIEHUNG"},"content":{"rendered":"<p><strong><em>&#8222;Das Schicksal des\u00a0Menschen ist der Mensch.&#8220;<br \/>\n<\/em><\/strong>[BERTOLT BRECHT, 1898-1956]<\/p>\n<p><img loading=\"lazy\" decoding=\"async\" class=\"wp-image-481 alignleft\" src=\"http:\/\/zeitimraum.at\/new_wp\/wp-content\/uploads\/2016\/08\/CIMG4603-1024x768.jpg\" alt=\"cimg4603\" width=\"500\" height=\"375\" srcset=\"http:\/\/zeitimraum.at\/new_wp\/wp-content\/uploads\/2016\/08\/CIMG4603-1024x768.jpg 1024w, http:\/\/zeitimraum.at\/new_wp\/wp-content\/uploads\/2016\/08\/CIMG4603-300x225.jpg 300w, http:\/\/zeitimraum.at\/new_wp\/wp-content\/uploads\/2016\/08\/CIMG4603-768x576.jpg 768w\" sizes=\"auto, (max-width: 500px) 100vw, 500px\" \/><\/p>\n<h3><strong>Wir Menschen sind soziale Wesen.<br \/>\n<\/strong><\/h3>\n<p>Wir brauchen den anderen, um selbst zu werden, um selbst zu sein. Diese Aufeinander-Bezogenheit bringt es mit sich, dass das Erleben und Verhalten des einzelnen sich auf andere auswirkt, und das der anderen auf den einzelnen. Man k\u00f6nnte es mit\u00a0den konzentrischen Wellen vergleichen, die der ins Wasser geworfene Stein verursacht. Alles ist mit allem verkn\u00fcpft.<\/p>\n<p>Soziale und famili\u00e4re Systeme, Netzwerke, Beziehungen ver\u00e4ndern sich fortw\u00e4hrend. Ver\u00e4nderungen in Beziehungen k\u00f6nnen als Bedrohung erlebt werden, k\u00f6nnen zu Konflikten f\u00fchren, ebenso wie eine\u00a0Erstarrung \u00fcber den\u00a0Verlust der Lebendigkeit Beziehungen bedroht.<\/p>\n<p>In der Arbeit mit Paaren und Familien geht es mir darum, gemeinsam Wege f\u00fcr ein respektvolles Miteinander zu finden. Basis f\u00fcr gezielte therapeutische Ver\u00e4nderungen bildet die funktionale Analyse des Systems, mit der die Bedeutung bzw. Funktion des Verhaltens aller Beteiligten dechiffriert wird. Der Funktionalen Familientherapie entsprechend flie\u00dfen systemische, behaviorale und kognitive Ans\u00e4tze in meine Arbeit ein.<\/p>\n<p>Siehe auch: <strong><a href=\"http:\/\/zeitimraum.at\/new_wp\/psychotherapie-fuer-kinder-und-jugendliche\/\">JUNGE MENSCHEN<\/a><\/strong><\/p>\n","protected":false},"excerpt":{"rendered":"<p>&#8222;Das Schicksal des\u00a0Menschen ist der Mensch.&#8220; [BERTOLT BRECHT, 1898-1956] Wir Menschen sind soziale Wesen. Wir brauchen den anderen, um selbst zu werden, um selbst zu sein. Diese Aufeinander-Bezogenheit bringt es mit sich, dass das Erleben und Verhalten des einzelnen sich auf andere auswirkt, und das der anderen auf den einzelnen. Man k\u00f6nnte es mit\u00a0den konzentrischen &#8230; <a title=\"FAMILIE &#038; BEZIEHUNG\" class=\"read-more\" href=\"http:\/\/zeitimraum.at\/new_wp\/familientherapie\/\">weiterlesen<\/a><\/p>\n","protected":false},"author":4,"featured_media":0,"parent":0,"menu_order":0,"comment_status":"closed","ping_status":"closed","template":"","meta":{"footnotes":""},"class_list":["post-32","page","type-page","status-publish"],"_links":{"self":[{"href":"http:\/\/zeitimraum.at\/new_wp\/wp-json\/wp\/v2\/pages\/32","targetHints":{"allow":["GET"]}}],"collection":[{"href":"http:\/\/zeitimraum.at\/new_wp\/wp-json\/wp\/v2\/pages"}],"about":[{"href":"http:\/\/zeitimraum.at\/new_wp\/wp-json\/wp\/v2\/types\/page"}],"author":[{"embeddable":true,"href":"http:\/\/zeitimraum.at\/new_wp\/wp-json\/wp\/v2\/users\/4"}],"replies":[{"embeddable":true,"href":"http:\/\/zeitimraum.at\/new_wp\/wp-json\/wp\/v2\/comments?post=32"}],"version-history":[{"count":27,"href":"http:\/\/zeitimraum.at\/new_wp\/wp-json\/wp\/v2\/pages\/32\/revisions"}],"predecessor-version":[{"id":57,"href":"http:\/\/zeitimraum.at\/new_wp\/wp-json\/wp\/v2\/pages\/32\/revisions\/57"}],"wp:attachment":[{"href":"http:\/\/zeitimraum.at\/new_wp\/wp-json\/wp\/v2\/media?parent=32"}],"curies":[{"name":"wp","href":"https:\/\/api.w.org\/{rel}","templated":true}]}}