{"id":193,"date":"2016-11-06T00:22:12","date_gmt":"2016-11-05T23:22:12","guid":{"rendered":"http:\/\/zeitimraum.at\/new_wp\/?page_id=193"},"modified":"2025-05-17T12:28:56","modified_gmt":"2025-05-17T10:28:56","slug":"wir-im-raum","status":"publish","type":"page","link":"http:\/\/zeitimraum.at\/new_wp\/wir-im-raum\/","title":{"rendered":"im Lebens RAUM"},"content":{"rendered":"<p><strong><em><i>&#8222;Der Mensch ist ein Teil der Natur und nicht etwas,\u00a0<\/i>das zu ihr im Widerspruch steht.&#8220;<br \/>\n<\/em><\/strong>[BERTRAND RUSSELL, 1872-1970]<\/p>\n<p><img loading=\"lazy\" decoding=\"async\" class=\"wp-image-208 alignleft\" src=\"http:\/\/zeitimraum.at\/new_wp\/wp-content\/uploads\/2016\/11\/silvester_06_bali-80-e1479297828544-1024x768.jpg\" alt=\"silvester_06_bali-80\" width=\"500\" height=\"375\" srcset=\"http:\/\/zeitimraum.at\/new_wp\/wp-content\/uploads\/2016\/11\/silvester_06_bali-80-e1479297828544-1024x768.jpg 1024w, http:\/\/zeitimraum.at\/new_wp\/wp-content\/uploads\/2016\/11\/silvester_06_bali-80-e1479297828544-300x225.jpg 300w, http:\/\/zeitimraum.at\/new_wp\/wp-content\/uploads\/2016\/11\/silvester_06_bali-80-e1479297828544-768x576.jpg 768w, http:\/\/zeitimraum.at\/new_wp\/wp-content\/uploads\/2016\/11\/silvester_06_bali-80-e1479297828544.jpg 1280w\" sizes=\"auto, (max-width: 500px) 100vw, 500px\" \/><\/p>\n<p>Mit jedem Tag steigt die Gewissheit: Wir entwickeln uns zum Technosaurier, weg vom nat\u00fcrlichen Lebensraum zum virtuellen, weg von der realen hin zur virtuellen Bewegung.\u00a0Dadurch verlieren wir nicht nur den Bezug zur lebensspendenden Natur, sondern auch zu uns selbst.<\/p>\n<p>Wir \u00fcbergeben Denken und K\u00f6rper in die Verantwortung von Apps, die uns mitteilen, wie wir liegen. Die uns Sicherheit geben und dadurch unser Vertrauen in uns selbst untergraben. Die uns abh\u00e4ngig machen.<\/p>\n<p>Wir arbeiten bis knapp ans Burnout, um uns Urlaub oder Wellness zu leisten. Wir k\u00f6nnen es uns leichter machen:<\/p>\n<p>Klinische Studien belegen die heilsame Wirkung der Natur. F\u00e4llt etwa nach einer Operation unser Blick aus dem Fenster des Krankenzimmers auf einen Baum, so erholen wir uns schneller. Doch nicht nur der Anblick wirkt: B\u00e4ume in unserer Lebensumgebung st\u00e4rken \u00fcber eine Vielzahl an abgegebenen gasf\u00f6rmigen Stoffen unser\u00a0Immunsystem.<\/p>\n<p><strong>Indem wir uns selbst erkennen.<\/strong><br \/>\n<strong> Als Teil der Natur.<\/strong><br \/>\n<strong> Gewinnen wir.<\/strong><\/p>\n<p><strong>Lebens RAUM.<\/strong><b><\/b><i><\/i><u><\/u><\/p>\n","protected":false},"excerpt":{"rendered":"<p>&#8222;Der Mensch ist ein Teil der Natur und nicht etwas,\u00a0das zu ihr im Widerspruch steht.&#8220; [BERTRAND RUSSELL, 1872-1970] Mit jedem Tag steigt die Gewissheit: Wir entwickeln uns zum Technosaurier, weg vom nat\u00fcrlichen Lebensraum zum virtuellen, weg von der realen hin zur virtuellen Bewegung.\u00a0Dadurch verlieren wir nicht nur den Bezug zur lebensspendenden Natur, sondern auch zu &#8230; <a title=\"im Lebens RAUM\" class=\"read-more\" href=\"http:\/\/zeitimraum.at\/new_wp\/wir-im-raum\/\">weiterlesen<\/a><\/p>\n","protected":false},"author":3,"featured_media":0,"parent":0,"menu_order":0,"comment_status":"closed","ping_status":"closed","template":"","meta":{"footnotes":""},"class_list":["post-193","page","type-page","status-publish"],"_links":{"self":[{"href":"http:\/\/zeitimraum.at\/new_wp\/wp-json\/wp\/v2\/pages\/193","targetHints":{"allow":["GET"]}}],"collection":[{"href":"http:\/\/zeitimraum.at\/new_wp\/wp-json\/wp\/v2\/pages"}],"about":[{"href":"http:\/\/zeitimraum.at\/new_wp\/wp-json\/wp\/v2\/types\/page"}],"author":[{"embeddable":true,"href":"http:\/\/zeitimraum.at\/new_wp\/wp-json\/wp\/v2\/users\/3"}],"replies":[{"embeddable":true,"href":"http:\/\/zeitimraum.at\/new_wp\/wp-json\/wp\/v2\/comments?post=193"}],"version-history":[{"count":29,"href":"http:\/\/zeitimraum.at\/new_wp\/wp-json\/wp\/v2\/pages\/193\/revisions"}],"predecessor-version":[{"id":1445,"href":"http:\/\/zeitimraum.at\/new_wp\/wp-json\/wp\/v2\/pages\/193\/revisions\/1445"}],"wp:attachment":[{"href":"http:\/\/zeitimraum.at\/new_wp\/wp-json\/wp\/v2\/media?parent=193"}],"curies":[{"name":"wp","href":"https:\/\/api.w.org\/{rel}","templated":true}]}}