{"id":189,"date":"2016-11-06T00:15:08","date_gmt":"2016-11-05T23:15:08","guid":{"rendered":"http:\/\/zeitimraum.at\/new_wp\/?page_id=189"},"modified":"2025-05-17T12:26:46","modified_gmt":"2025-05-17T10:26:46","slug":"wir-und-die-zeit","status":"publish","type":"page","link":"http:\/\/zeitimraum.at\/new_wp\/wir-und-die-zeit\/","title":{"rendered":"im Fluss der ZEIT"},"content":{"rendered":"<p><strong><em>&#8222;Zeit ist nur dadurch, dass etwas geschieht,<\/em><\/strong><br \/>\n<strong> <em> und nur dort, wo etwas geschieht.&#8220;<br \/>\n<\/em><\/strong>[ERNST BLOCH, 1885-1977]<\/p>\n<p><img loading=\"lazy\" decoding=\"async\" class=\"alignnone wp-image-240 size-large\" src=\"http:\/\/zeitimraum.at\/new_wp\/wp-content\/uploads\/2016\/08\/PICT1256-e1479061000553-1024x768.jpg\" alt=\"pict1256\" width=\"1024\" height=\"768\" srcset=\"http:\/\/zeitimraum.at\/new_wp\/wp-content\/uploads\/2016\/08\/PICT1256-e1479061000553-1024x768.jpg 1024w, http:\/\/zeitimraum.at\/new_wp\/wp-content\/uploads\/2016\/08\/PICT1256-e1479061000553-300x225.jpg 300w, http:\/\/zeitimraum.at\/new_wp\/wp-content\/uploads\/2016\/08\/PICT1256-e1479061000553-768x576.jpg 768w, http:\/\/zeitimraum.at\/new_wp\/wp-content\/uploads\/2016\/08\/PICT1256-e1479061000553.jpg 1600w\" sizes=\"auto, (max-width: 1024px) 100vw, 1024px\" \/><\/p>\n<p>WELCOME TO NOWHERE\u00a0 &#8211; UNGESUNDE PH\u00c4NOMENE DER GEGENWART<\/p>\n<p><strong>Leben nach\u00a0Plan<br \/>\n<\/strong>Es geht um P\u00fcnktlichkeit, Taktung, Planung, logistische Optimierung, oft gegen die individuellen Bed\u00fcrfnisse (z.B. die damit nicht kompatiblen unterschiedlichen Schlafbed\u00fcrfnisse je nach Altersgruppenzugeh\u00f6rigkeit, nach Schlaftyp Eule vs. Lerche, nach Biorhythmus bzw. innerer Uhr); unberechenbare Lebendigkeit wird ersetzt durch das Aktivit\u00e4ts-\/Urlaubs-PROGRAMM, die Erinnerung wird delegiert an eine Software, am Ende steht der programmierte Mensch.<\/p>\n<p><b>Tendenz X-Large &#8211; Masse vor Qualit\u00e4t<br \/>\n<\/b>Zeit ist Geld: m\u00f6glichst viel soll m\u00f6glichst schnell erledigt werden: sprechen, h\u00f6ren, essen, erleben, sehen, erledigen, schaffen. Quantit\u00e4t geht vor Qualit\u00e4t.<\/p>\n<p><strong>VERLUST der Zeit durch Verlust der Gegenwart<br \/>\n<\/strong>M\u00f6glichst gleichzeitig m\u00f6glichst viel nebenbei erledigen, die Gedanken h\u00e4ngen fortw\u00e4hrend planend in der Zukunft, wir sind \u00fcberall und nirgendwo. Es kann kein Flow-Zustand entstehen. Wir verzeichnen eine hektische Gesch\u00e4ftigkeit, doch geschieht nichts <strong>wirklich<\/strong>. Achtsamkeit im Handeln fehlt, auch weil jedes Handeln erlebt wird als von anderen potetiell beurteiltes. Die Zeit geht verloren &#8211; es bleiben kaum Erinnerungen, durch das begrenzte Sich-Einlassen entsteht begrenzte Tiefe und Beziehungslosigkeit: in dem Moment, wo man sich f\u00fcr eine Sache, einen Menschen, einen Weg entscheidet, beginnt das Hadern mit der eigenen Entscheidung und die Angst, etwas zu verpassen: <strong>FoMo &#8211; Fear of Missing out<\/strong>.<\/p>\n<p><b>(Kontroll)Verlust<br \/>\n<\/b>Die Frustrationstoleranz sinkt, die Ungeduld w\u00e4chst, alles was unkalkulierbare Zeit braucht und das Rad sich langsamer drehen l\u00e4sst, was ablenkt vom Programm, wird als l\u00e4stig empfunden: Beeintr\u00e4chtigung jedweder Art &#8211; durch Krankheit, Behinderung, Gebrechlichkeit, Alterserscheinungen, Betreuungsverpflichtungen, Stau im Verkehr, Wartezeiten, eine Auswahl treffen m\u00fcssen &#8230; Langsamkeit erzeugt Aggression. Der Aggressionspegel steigt.<\/p>\n<p><strong>(Sinn)Verlust<br \/>\n<\/strong>Pausen, Langeweile, Leere, Schlaf, Warten, Essen bzw. simple alleinige T\u00e4tigkeiten werden als unproduktiver Zustand, als (Zeit)Verlust gesehen, erzeugen Nervosit\u00e4t, paradoxen Stress und werden m\u00f6glichst reduziert oder vermieden: man ist permanent online, l\u00e4sst Mahlzeiten aus, schl\u00e4ft weniger, alles ist durchgetimt ohne \u201eLeerlauf\u201c oder passiert nebenbei, der Mut zur L\u00fccke ist weg und damit die Spontaneit\u00e4t. Es kommt zu Burn out. Sinnverlust.<\/p>\n<p><strong>Keine Zeit f\u00fcr Zwischent\u00f6ne<br \/>\n<\/strong>Die Standardisierung des Tuns durch zugestandene Zeit pro Aktivit\u00e4t f\u00fchrt zum Verlust der Buntheit, zum Verlust der Schattierungen, sie endet im Schwarz-Wei\u00df-Denken, in un\u00fcberwindlichen Gr\u00e4ben. Wir verwenden eine Sprache ohne leise Zwischent\u00f6ne: \u00fcbrig bleiben Floskeln mit wenig Aussagekraft, Verk\u00fcrzungen wie Like vs. Dislike, ein unvers\u00f6hnliches Entweder-Oder, das der Vielfalt der Wirklichkeit nicht gerecht werden kann.<\/p>\n<p>. . . <strong>und wie und wohin flie\u00dft Ihre Zeit ?<\/strong><\/p>\n","protected":false},"excerpt":{"rendered":"<p>&#8222;Zeit ist nur dadurch, dass etwas geschieht, und nur dort, wo etwas geschieht.&#8220; [ERNST BLOCH, 1885-1977] WELCOME TO NOWHERE\u00a0 &#8211; UNGESUNDE PH\u00c4NOMENE DER GEGENWART Leben nach\u00a0Plan Es geht um P\u00fcnktlichkeit, Taktung, Planung, logistische Optimierung, oft gegen die individuellen Bed\u00fcrfnisse (z.B. die damit nicht kompatiblen unterschiedlichen Schlafbed\u00fcrfnisse je nach Altersgruppenzugeh\u00f6rigkeit, nach Schlaftyp Eule vs. Lerche, nach &#8230; <a title=\"im Fluss der ZEIT\" class=\"read-more\" href=\"http:\/\/zeitimraum.at\/new_wp\/wir-und-die-zeit\/\">weiterlesen<\/a><\/p>\n","protected":false},"author":3,"featured_media":0,"parent":0,"menu_order":0,"comment_status":"closed","ping_status":"closed","template":"","meta":{"footnotes":""},"class_list":["post-189","page","type-page","status-publish"],"_links":{"self":[{"href":"http:\/\/zeitimraum.at\/new_wp\/wp-json\/wp\/v2\/pages\/189","targetHints":{"allow":["GET"]}}],"collection":[{"href":"http:\/\/zeitimraum.at\/new_wp\/wp-json\/wp\/v2\/pages"}],"about":[{"href":"http:\/\/zeitimraum.at\/new_wp\/wp-json\/wp\/v2\/types\/page"}],"author":[{"embeddable":true,"href":"http:\/\/zeitimraum.at\/new_wp\/wp-json\/wp\/v2\/users\/3"}],"replies":[{"embeddable":true,"href":"http:\/\/zeitimraum.at\/new_wp\/wp-json\/wp\/v2\/comments?post=189"}],"version-history":[{"count":40,"href":"http:\/\/zeitimraum.at\/new_wp\/wp-json\/wp\/v2\/pages\/189\/revisions"}],"predecessor-version":[{"id":1443,"href":"http:\/\/zeitimraum.at\/new_wp\/wp-json\/wp\/v2\/pages\/189\/revisions\/1443"}],"wp:attachment":[{"href":"http:\/\/zeitimraum.at\/new_wp\/wp-json\/wp\/v2\/media?parent=189"}],"curies":[{"name":"wp","href":"https:\/\/api.w.org\/{rel}","templated":true}]}}