{"id":184,"date":"2016-11-05T23:57:49","date_gmt":"2016-11-05T22:57:49","guid":{"rendered":"http:\/\/zeitimraum.at\/new_wp\/?page_id=184"},"modified":"2025-05-17T12:53:55","modified_gmt":"2025-05-17T10:53:55","slug":"preise-konditionen","status":"publish","type":"page","link":"http:\/\/zeitimraum.at\/new_wp\/preise-konditionen\/","title":{"rendered":"KONDITIONEN &#038; KOSTEN"},"content":{"rendered":"<p>Grunds\u00e4tzliche Informationen zu Ablauf, Finanzierung, Kassenabrechnung (\u00d6GK, SVS, BVAEB, LKUF) und Rahmenbedingungen erhalten Sie im <strong>telefonischen Erstkontakt <\/strong>unter \u00a0<strong>(+43) 0650 77 10 614<\/strong><strong>.\u00a0<\/strong><\/p>\n<p><strong>Alle Termine finden ausschlie\u00dflich nach Vereinbarung statt.\u00a0<\/strong>Sollten Sie mich nicht erreichen, hinterlassen Sie mir bitte Ihre Sprachnachricht mit Angabe Ihrer Telefonnummer; ich rufe Sie gerne zur\u00fcck.<\/p>\n<p>Bei der Beantwortung von <strong>Email-Anfragen<\/strong> an <a href=\"mailto:office@zeitimraum.at\"><strong>office@zeitimraum.at<\/strong><\/a>\u00a0halte ich mich aus Zeitgr\u00fcnden kurz.<\/p>\n<p>Auf Ihren Wunsch\u00a0vereinbaren wir einen Termin f\u00fcr ein <strong>Erstgespr\u00e4ch. <\/strong>Das Erstgespr\u00e4ch dient einer ersten Abkl\u00e4rung der Situation, Ihres Anliegens und m\u00f6glicher L\u00f6sungswege\u00a0 &#8211; Therapie, Coaching, Beratung. Es bietet vor allem auch die Gelegenheit die emotionale und kommunikative Passung, die &#8222;Chemie&#8220; zu erleben. Das Erstgespr\u00e4ch dauert &#8211; wie die Therapie- oder Beratungsstunde &#8211; 50 Minuten und ist nicht kostenfrei. Die angebotenen Leistungen sind in deutscher oder englischer Sprache m\u00f6glich; Video-Call bzw. online-Sitzungen sind m\u00f6glich.<\/p>\n<p><b>B<\/b><strong>eratung bzw. Therapie ist am effektivsten, wenn sie m\u00f6glichst umgehend erfolgt, also dann, wenn man sie braucht<\/strong>. Ich bin bem\u00fcht, Wartezeiten auf Termine k\u00fcrzest m\u00f6glich zu halten. Es ist im Sinne aller Klient:innen, wenn die vergebenen Termine verl\u00e4sslich genutzt und eingehalten werden. Jeder vereinbarte Termin ist exklusiv reserviert! Absagen k\u00f6nnen bis 48 Stunden vor dem Termin ausschlie\u00dflich telefonisch erfolgen. Bei sp\u00e4teren Absagen wird eine Ausfallsgeb\u00fchr in H\u00f6he des vereinbarten Honorars verrechnet.<\/p>\n<p>Hier finden Sie aktuelle Infos zu Finanzierungsm\u00f6glichkeiten\u00a0von Psychotherapie im Bundesland Salzburg:<\/p>\n<p><strong><a href=\"http:\/\/www.arge-psychotherapie.at\/pages\/home\/home_neu.php\">http:\/\/www.arge-psychotherapie.at<\/a><\/strong> und <a href=\"http:\/\/www.gesundheitskasse.at\"><strong>http:\/\/www.gesundheitskasse.at<\/strong><\/a>\u00a0<\/p>\n\n\n<p><\/p>\n","protected":false},"excerpt":{"rendered":"<p>Grunds\u00e4tzliche Informationen zu Ablauf, Finanzierung, Kassenabrechnung (\u00d6GK, SVS, BVAEB, LKUF) und Rahmenbedingungen erhalten Sie im telefonischen Erstkontakt unter \u00a0(+43) 0650 77 10 614.\u00a0 Alle Termine finden ausschlie\u00dflich nach Vereinbarung statt.\u00a0Sollten Sie mich nicht erreichen, hinterlassen Sie mir bitte Ihre Sprachnachricht mit Angabe Ihrer Telefonnummer; ich rufe Sie gerne zur\u00fcck. Bei der Beantwortung von Email-Anfragen an &#8230; <a title=\"KONDITIONEN &#038; KOSTEN\" class=\"read-more\" href=\"http:\/\/zeitimraum.at\/new_wp\/preise-konditionen\/\">weiterlesen<\/a><\/p>\n","protected":false},"author":3,"featured_media":0,"parent":0,"menu_order":0,"comment_status":"closed","ping_status":"closed","template":"","meta":{"footnotes":""},"class_list":["post-184","page","type-page","status-publish"],"_links":{"self":[{"href":"http:\/\/zeitimraum.at\/new_wp\/wp-json\/wp\/v2\/pages\/184","targetHints":{"allow":["GET"]}}],"collection":[{"href":"http:\/\/zeitimraum.at\/new_wp\/wp-json\/wp\/v2\/pages"}],"about":[{"href":"http:\/\/zeitimraum.at\/new_wp\/wp-json\/wp\/v2\/types\/page"}],"author":[{"embeddable":true,"href":"http:\/\/zeitimraum.at\/new_wp\/wp-json\/wp\/v2\/users\/3"}],"replies":[{"embeddable":true,"href":"http:\/\/zeitimraum.at\/new_wp\/wp-json\/wp\/v2\/comments?post=184"}],"version-history":[{"count":32,"href":"http:\/\/zeitimraum.at\/new_wp\/wp-json\/wp\/v2\/pages\/184\/revisions"}],"predecessor-version":[{"id":1459,"href":"http:\/\/zeitimraum.at\/new_wp\/wp-json\/wp\/v2\/pages\/184\/revisions\/1459"}],"wp:attachment":[{"href":"http:\/\/zeitimraum.at\/new_wp\/wp-json\/wp\/v2\/media?parent=184"}],"curies":[{"name":"wp","href":"https:\/\/api.w.org\/{rel}","templated":true}]}}